{"id":6742,"date":"2025-10-28T11:17:02","date_gmt":"2025-10-28T11:17:02","guid":{"rendered":"https:\/\/vivamedica.de\/startseite\/?page_id=6742"},"modified":"2025-10-28T18:25:53","modified_gmt":"2025-10-28T18:25:53","slug":"waldernbach","status":"publish","type":"page","link":"https:\/\/vivamedica.de\/startseite\/waldernbach\/","title":{"rendered":"WALDERNBACH"},"content":{"rendered":"\t\t<div data-elementor-type=\"wp-page\" data-elementor-id=\"6742\" class=\"elementor elementor-6742\" data-elementor-post-type=\"page\">\n\t\t\t\t<div class=\"elementor-element elementor-element-28cf826 e-flex e-con-boxed e-con e-parent\" data-id=\"28cf826\" data-element_type=\"container\" data-e-type=\"container\" data-settings=\"{&quot;background_background&quot;:&quot;classic&quot;}\">\n\t\t\t\t\t<div class=\"e-con-inner\">\n\t\t<div class=\"elementor-element elementor-element-901b947 e-con-full e-flex e-con e-child\" data-id=\"901b947\" data-element_type=\"container\" data-e-type=\"container\">\n\t\t\t\t<div class=\"elementor-element elementor-element-b20ac01 elementor-widget elementor-widget-image\" data-id=\"b20ac01\" data-element_type=\"widget\" data-e-type=\"widget\" data-widget_type=\"image.default\">\n\t\t\t\t<div class=\"elementor-widget-container\">\n\t\t\t\t\t\t\t\t\t\t\t\t\t\t\t<img fetchpriority=\"high\" decoding=\"async\" width=\"800\" height=\"534\" src=\"https:\/\/vivamedica.de\/wp-content\/uploads\/2025\/10\/23_04-1024x683.webp\" class=\"attachment-large size-large wp-image-6745\" alt=\"\" srcset=\"https:\/\/vivamedica.de\/wp-content\/uploads\/2025\/10\/23_04-1024x683.webp 1024w, https:\/\/vivamedica.de\/wp-content\/uploads\/2025\/10\/23_04-300x200.webp 300w, https:\/\/vivamedica.de\/wp-content\/uploads\/2025\/10\/23_04-768x512.webp 768w, https:\/\/vivamedica.de\/wp-content\/uploads\/2025\/10\/23_04.webp 1536w\" sizes=\"(max-width: 800px) 100vw, 800px\" \/>\t\t\t\t\t\t\t\t\t\t\t\t\t\t\t<\/div>\n\t\t\t\t<\/div>\n\t\t\t\t<\/div>\n\t\t<div class=\"elementor-element elementor-element-be29733 e-con-full e-flex e-con e-child\" data-id=\"be29733\" data-element_type=\"container\" data-e-type=\"container\">\n\t\t\t\t<div class=\"elementor-element elementor-element-dc71e3a elementor-widget elementor-widget-heading\" data-id=\"dc71e3a\" data-element_type=\"widget\" data-e-type=\"widget\" data-widget_type=\"heading.default\">\n\t\t\t\t<div class=\"elementor-widget-container\">\n\t\t\t\t\t<h2 class=\"elementor-heading-title elementor-size-default\">TERMINBUCHUNG IN WALDERNBACH<\/h2>\t\t\t\t<\/div>\n\t\t\t\t<\/div>\n\t\t\t\t<div class=\"elementor-element elementor-element-882f5dd elementor-widget elementor-widget-text-editor\" data-id=\"882f5dd\" data-element_type=\"widget\" data-e-type=\"widget\" data-widget_type=\"text-editor.default\">\n\t\t\t\t<div class=\"elementor-widget-container\">\n\t\t\t\t\t\t\t\t\t<p>Sie befinden sich derzeit auf der Terminbuchungsseite f\u00fcr unseren Standort in Waldernbach.<br \/><br \/><\/p>\t\t\t\t\t\t\t\t<\/div>\n\t\t\t\t<\/div>\n\t\t\t\t<div class=\"elementor-element elementor-element-e6e58b6 elementor-align-justify elementor-widget elementor-widget-button\" data-id=\"e6e58b6\" data-element_type=\"widget\" data-e-type=\"widget\" data-widget_type=\"button.default\">\n\t\t\t\t<div class=\"elementor-widget-container\">\n\t\t\t\t\t\t\t\t\t<div class=\"elementor-button-wrapper\">\n\t\t\t\t\t<a class=\"elementor-button elementor-button-link elementor-size-sm\" href=\"#elementor-action%3Aaction%3Dpopup%3Aopen%26settings%3DeyJpZCI6IjQxNzMiLCJ0b2dnbGUiOmZhbHNlfQ%3D%3D\">\n\t\t\t\t\t\t<span class=\"elementor-button-content-wrapper\">\n\t\t\t\t\t\t<span class=\"elementor-button-icon\">\n\t\t\t\t<svg aria-hidden=\"true\" class=\"e-font-icon-svg e-far-check-circle\" viewBox=\"0 0 512 512\" xmlns=\"http:\/\/www.w3.org\/2000\/svg\"><path d=\"M256 8C119.033 8 8 119.033 8 256s111.033 248 248 248 248-111.033 248-248S392.967 8 256 8zm0 48c110.532 0 200 89.451 200 200 0 110.532-89.451 200-200 200-110.532 0-200-89.451-200-200 0-110.532 89.451-200 200-200m140.204 130.267l-22.536-22.718c-4.667-4.705-12.265-4.736-16.97-.068L215.346 303.697l-59.792-60.277c-4.667-4.705-12.265-4.736-16.97-.069l-22.719 22.536c-4.705 4.667-4.736 12.265-.068 16.971l90.781 91.516c4.667 4.705 12.265 4.736 16.97.068l172.589-171.204c4.704-4.668 4.734-12.266.067-16.971z\"><\/path><\/svg>\t\t\t<\/span>\n\t\t\t\t\t\t\t\t\t<span class=\"elementor-button-text\">Ja, ich m\u00f6chte mich in Waldernbach anmelden<\/span>\n\t\t\t\t\t<\/span>\n\t\t\t\t\t<\/a>\n\t\t\t\t<\/div>\n\t\t\t\t\t\t\t\t<\/div>\n\t\t\t\t<\/div>\n\t\t\t\t<div class=\"elementor-element elementor-element-21ba489 elementor-align-justify elementor-widget elementor-widget-button\" data-id=\"21ba489\" data-element_type=\"widget\" data-e-type=\"widget\" data-widget_type=\"button.default\">\n\t\t\t\t<div class=\"elementor-widget-container\">\n\t\t\t\t\t\t\t\t\t<div class=\"elementor-button-wrapper\">\n\t\t\t\t\t<a class=\"elementor-button elementor-button-link elementor-size-sm\" href=\"https:\/\/vivamedica.de\/startseite\/\">\n\t\t\t\t\t\t<span class=\"elementor-button-content-wrapper\">\n\t\t\t\t\t\t\t\t\t<span class=\"elementor-button-text\">Zur\u00fcck zur Startseite <\/span>\n\t\t\t\t\t<\/span>\n\t\t\t\t\t<\/a>\n\t\t\t\t<\/div>\n\t\t\t\t\t\t\t\t<\/div>\n\t\t\t\t<\/div>\n\t\t\t\t<\/div>\n\t\t\t\t\t<\/div>\n\t\t\t\t<\/div>\n\t\t\t\t<\/div>\n\t\t","protected":false},"excerpt":{"rendered":"<p>TERMINBUCHUNG IN WALDERNBACH Sie befinden sich derzeit auf der Terminbuchungsseite f\u00fcr unseren Standort in Waldernbach. Ja, ich m\u00f6chte mich in Waldernbach anmelden Zur\u00fcck zur Startseite<\/p>\n","protected":false},"author":3,"featured_media":0,"parent":0,"menu_order":0,"comment_status":"closed","ping_status":"closed","template":"elementor_canvas","meta":{"inline_featured_image":false,"footnotes":""},"class_list":["post-6742","page","type-page","status-publish","hentry"],"yoast_head":"<!-- This site is optimized with the Yoast SEO plugin v27.2 - https:\/\/yoast.com\/product\/yoast-seo-wordpress\/ -->\n<title>WALDERNBACH - VivaMedica<\/title>\n<meta name=\"robots\" content=\"index, follow, max-snippet:-1, max-image-preview:large, max-video-preview:-1\" \/>\n<link rel=\"canonical\" href=\"https:\/\/vivamedica.de\/startseite\/waldernbach\/\" \/>\n<meta property=\"og:locale\" content=\"de_DE\" \/>\n<meta property=\"og:type\" content=\"article\" \/>\n<meta property=\"og:title\" content=\"WALDERNBACH - VivaMedica\" \/>\n<meta property=\"og:description\" content=\"TERMINBUCHUNG IN WALDERNBACH Sie befinden sich derzeit auf der Terminbuchungsseite f\u00fcr unseren Standort in Waldernbach. Ja, ich m\u00f6chte mich in Waldernbach anmelden Zur\u00fcck zur Startseite\" \/>\n<meta property=\"og:url\" content=\"https:\/\/vivamedica.de\/startseite\/waldernbach\/\" \/>\n<meta property=\"og:site_name\" content=\"VivaMedica\" \/>\n<meta property=\"article:modified_time\" content=\"2025-10-28T18:25:53+00:00\" \/>\n<meta property=\"og:image\" content=\"https:\/\/vivamedica.de\/wp-content\/uploads\/2025\/10\/23_04.webp\" \/>\n\t<meta property=\"og:image:width\" content=\"1536\" \/>\n\t<meta property=\"og:image:height\" content=\"1024\" \/>\n\t<meta property=\"og:image:type\" content=\"image\/webp\" \/>\n<meta name=\"twitter:card\" content=\"summary_large_image\" \/>\n<meta name=\"twitter:label1\" content=\"Gesch\u00e4tzte Lesezeit\" \/>\n\t<meta name=\"twitter:data1\" content=\"1\u00a0Minute\" \/>\n<script type=\"application\/ld+json\" class=\"yoast-schema-graph\">{\"@context\":\"https:\/\/schema.org\",\"@graph\":[{\"@type\":\"WebPage\",\"@id\":\"https:\/\/vivamedica.de\/startseite\/waldernbach\/\",\"url\":\"https:\/\/vivamedica.de\/startseite\/waldernbach\/\",\"name\":\"WALDERNBACH - VivaMedica\",\"isPartOf\":{\"@id\":\"https:\/\/vivamedica.de\/startseite\/#website\"},\"primaryImageOfPage\":{\"@id\":\"https:\/\/vivamedica.de\/startseite\/waldernbach\/#primaryimage\"},\"image\":{\"@id\":\"https:\/\/vivamedica.de\/startseite\/waldernbach\/#primaryimage\"},\"thumbnailUrl\":\"https:\/\/vivamedica.de\/wp-content\/uploads\/2025\/10\/23_04-1024x683.webp\",\"datePublished\":\"2025-10-28T11:17:02+00:00\",\"dateModified\":\"2025-10-28T18:25:53+00:00\",\"breadcrumb\":{\"@id\":\"https:\/\/vivamedica.de\/startseite\/waldernbach\/#breadcrumb\"},\"inLanguage\":\"de\",\"potentialAction\":[{\"@type\":\"ReadAction\",\"target\":[\"https:\/\/vivamedica.de\/startseite\/waldernbach\/\"]}]},{\"@type\":\"ImageObject\",\"inLanguage\":\"de\",\"@id\":\"https:\/\/vivamedica.de\/startseite\/waldernbach\/#primaryimage\",\"url\":\"https:\/\/vivamedica.de\/wp-content\/uploads\/2025\/10\/23_04-1024x683.webp\",\"contentUrl\":\"https:\/\/vivamedica.de\/wp-content\/uploads\/2025\/10\/23_04-1024x683.webp\"},{\"@type\":\"BreadcrumbList\",\"@id\":\"https:\/\/vivamedica.de\/startseite\/waldernbach\/#breadcrumb\",\"itemListElement\":[{\"@type\":\"ListItem\",\"position\":1,\"name\":\"Startseite\",\"item\":\"https:\/\/vivamedica.de\/startseite\/\"},{\"@type\":\"ListItem\",\"position\":2,\"name\":\"WALDERNBACH\"}]},{\"@type\":\"WebSite\",\"@id\":\"https:\/\/vivamedica.de\/startseite\/#website\",\"url\":\"https:\/\/vivamedica.de\/startseite\/\",\"name\":\"VivaMedica\",\"description\":\"\",\"publisher\":{\"@id\":\"https:\/\/vivamedica.de\/startseite\/#organization\"},\"potentialAction\":[{\"@type\":\"SearchAction\",\"target\":{\"@type\":\"EntryPoint\",\"urlTemplate\":\"https:\/\/vivamedica.de\/startseite\/?s={search_term_string}\"},\"query-input\":{\"@type\":\"PropertyValueSpecification\",\"valueRequired\":true,\"valueName\":\"search_term_string\"}}],\"inLanguage\":\"de\"},{\"@type\":\"Organization\",\"@id\":\"https:\/\/vivamedica.de\/startseite\/#organization\",\"name\":\"VivaMedica\",\"url\":\"https:\/\/vivamedica.de\/startseite\/\",\"logo\":{\"@type\":\"ImageObject\",\"inLanguage\":\"de\",\"@id\":\"https:\/\/vivamedica.de\/startseite\/#\/schema\/logo\/image\/\",\"url\":\"https:\/\/vivamedica.de\/wp-content\/uploads\/2024\/07\/VivaMedica_logo_2.svg\",\"contentUrl\":\"https:\/\/vivamedica.de\/wp-content\/uploads\/2024\/07\/VivaMedica_logo_2.svg\",\"width\":612,\"height\":128,\"caption\":\"VivaMedica\"},\"image\":{\"@id\":\"https:\/\/vivamedica.de\/startseite\/#\/schema\/logo\/image\/\"},\"sameAs\":[\"https:\/\/www.instagram.com\/vivamedica.therapie?igsh=aGN0ZTJkZjI4NXB3\",\"https:\/\/www.linkedin.com\/in\/vivamedica-physiotherapie-81b41b321\/\"]}]}<\/script>\n<!-- \/ Yoast SEO plugin. -->","yoast_head_json":{"title":"WALDERNBACH - VivaMedica","robots":{"index":"index","follow":"follow","max-snippet":"max-snippet:-1","max-image-preview":"max-image-preview:large","max-video-preview":"max-video-preview:-1"},"canonical":"https:\/\/vivamedica.de\/startseite\/waldernbach\/","og_locale":"de_DE","og_type":"article","og_title":"WALDERNBACH - VivaMedica","og_description":"TERMINBUCHUNG IN WALDERNBACH Sie befinden sich derzeit auf der Terminbuchungsseite f\u00fcr unseren Standort in Waldernbach. Ja, ich m\u00f6chte mich in Waldernbach anmelden Zur\u00fcck zur Startseite","og_url":"https:\/\/vivamedica.de\/startseite\/waldernbach\/","og_site_name":"VivaMedica","article_modified_time":"2025-10-28T18:25:53+00:00","og_image":[{"width":1536,"height":1024,"url":"https:\/\/vivamedica.de\/wp-content\/uploads\/2025\/10\/23_04.webp","type":"image\/webp"}],"twitter_card":"summary_large_image","twitter_misc":{"Gesch\u00e4tzte Lesezeit":"1\u00a0Minute"},"schema":{"@context":"https:\/\/schema.org","@graph":[{"@type":"WebPage","@id":"https:\/\/vivamedica.de\/startseite\/waldernbach\/","url":"https:\/\/vivamedica.de\/startseite\/waldernbach\/","name":"WALDERNBACH - VivaMedica","isPartOf":{"@id":"https:\/\/vivamedica.de\/startseite\/#website"},"primaryImageOfPage":{"@id":"https:\/\/vivamedica.de\/startseite\/waldernbach\/#primaryimage"},"image":{"@id":"https:\/\/vivamedica.de\/startseite\/waldernbach\/#primaryimage"},"thumbnailUrl":"https:\/\/vivamedica.de\/wp-content\/uploads\/2025\/10\/23_04-1024x683.webp","datePublished":"2025-10-28T11:17:02+00:00","dateModified":"2025-10-28T18:25:53+00:00","breadcrumb":{"@id":"https:\/\/vivamedica.de\/startseite\/waldernbach\/#breadcrumb"},"inLanguage":"de","potentialAction":[{"@type":"ReadAction","target":["https:\/\/vivamedica.de\/startseite\/waldernbach\/"]}]},{"@type":"ImageObject","inLanguage":"de","@id":"https:\/\/vivamedica.de\/startseite\/waldernbach\/#primaryimage","url":"https:\/\/vivamedica.de\/wp-content\/uploads\/2025\/10\/23_04-1024x683.webp","contentUrl":"https:\/\/vivamedica.de\/wp-content\/uploads\/2025\/10\/23_04-1024x683.webp"},{"@type":"BreadcrumbList","@id":"https:\/\/vivamedica.de\/startseite\/waldernbach\/#breadcrumb","itemListElement":[{"@type":"ListItem","position":1,"name":"Startseite","item":"https:\/\/vivamedica.de\/startseite\/"},{"@type":"ListItem","position":2,"name":"WALDERNBACH"}]},{"@type":"WebSite","@id":"https:\/\/vivamedica.de\/startseite\/#website","url":"https:\/\/vivamedica.de\/startseite\/","name":"VivaMedica","description":"","publisher":{"@id":"https:\/\/vivamedica.de\/startseite\/#organization"},"potentialAction":[{"@type":"SearchAction","target":{"@type":"EntryPoint","urlTemplate":"https:\/\/vivamedica.de\/startseite\/?s={search_term_string}"},"query-input":{"@type":"PropertyValueSpecification","valueRequired":true,"valueName":"search_term_string"}}],"inLanguage":"de"},{"@type":"Organization","@id":"https:\/\/vivamedica.de\/startseite\/#organization","name":"VivaMedica","url":"https:\/\/vivamedica.de\/startseite\/","logo":{"@type":"ImageObject","inLanguage":"de","@id":"https:\/\/vivamedica.de\/startseite\/#\/schema\/logo\/image\/","url":"https:\/\/vivamedica.de\/wp-content\/uploads\/2024\/07\/VivaMedica_logo_2.svg","contentUrl":"https:\/\/vivamedica.de\/wp-content\/uploads\/2024\/07\/VivaMedica_logo_2.svg","width":612,"height":128,"caption":"VivaMedica"},"image":{"@id":"https:\/\/vivamedica.de\/startseite\/#\/schema\/logo\/image\/"},"sameAs":["https:\/\/www.instagram.com\/vivamedica.therapie?igsh=aGN0ZTJkZjI4NXB3","https:\/\/www.linkedin.com\/in\/vivamedica-physiotherapie-81b41b321\/"]}]}},"_links":{"self":[{"href":"https:\/\/vivamedica.de\/startseite\/wp-json\/wp\/v2\/pages\/6742","targetHints":{"allow":["GET"]}}],"collection":[{"href":"https:\/\/vivamedica.de\/startseite\/wp-json\/wp\/v2\/pages"}],"about":[{"href":"https:\/\/vivamedica.de\/startseite\/wp-json\/wp\/v2\/types\/page"}],"author":[{"embeddable":true,"href":"https:\/\/vivamedica.de\/startseite\/wp-json\/wp\/v2\/users\/3"}],"replies":[{"embeddable":true,"href":"https:\/\/vivamedica.de\/startseite\/wp-json\/wp\/v2\/comments?post=6742"}],"version-history":[{"count":0,"href":"https:\/\/vivamedica.de\/startseite\/wp-json\/wp\/v2\/pages\/6742\/revisions"}],"wp:attachment":[{"href":"https:\/\/vivamedica.de\/startseite\/wp-json\/wp\/v2\/media?parent=6742"}],"curies":[{"name":"wp","href":"https:\/\/api.w.org\/{rel}","templated":true}]}}