{"id":7007,"date":"2026-01-08T14:40:17","date_gmt":"2026-01-08T14:40:17","guid":{"rendered":"https:\/\/vivamedica.de\/startseite\/?page_id=7007"},"modified":"2026-01-08T14:47:08","modified_gmt":"2026-01-08T14:47:08","slug":"laden-sie-hier-ihre-aerztliche-1","status":"publish","type":"page","link":"https:\/\/vivamedica.de\/startseite\/laden-sie-hier-ihre-aerztliche-1\/","title":{"rendered":"Laden Sie hier Ihre \u00e4rztliche &#8211; 1"},"content":{"rendered":"\t\t<div data-elementor-type=\"wp-page\" data-elementor-id=\"7007\" class=\"elementor elementor-7007\" data-elementor-post-type=\"page\">\n\t\t\t\t\t\t<section class=\"elementor-section elementor-top-section elementor-element elementor-element-3002af4 elementor-section-full_width elementor-section-height-default elementor-section-height-default\" data-id=\"3002af4\" data-element_type=\"section\" data-e-type=\"section\">\n\t\t\t\t\t\t<div class=\"elementor-container elementor-column-gap-default\">\n\t\t\t\t\t<div class=\"elementor-column elementor-col-100 elementor-top-column elementor-element elementor-element-da024f7\" data-id=\"da024f7\" data-element_type=\"column\" data-e-type=\"column\">\n\t\t\t<div class=\"elementor-widget-wrap elementor-element-populated\">\n\t\t\t\t\t\t<section class=\"elementor-section elementor-inner-section elementor-element elementor-element-ba9a447 elementor-section-full_width elementor-section-height-default elementor-section-height-default\" data-id=\"ba9a447\" data-element_type=\"section\" data-e-type=\"section\">\n\t\t\t\t\t\t<div class=\"elementor-container elementor-column-gap-default\">\n\t\t\t\t\t<div class=\"elementor-column elementor-col-100 elementor-inner-column elementor-element elementor-element-b86151c\" data-id=\"b86151c\" data-element_type=\"column\" data-e-type=\"column\" data-settings=\"{&quot;background_background&quot;:&quot;classic&quot;}\">\n\t\t\t<div class=\"elementor-widget-wrap elementor-element-populated\">\n\t\t\t\t\t<div class=\"elementor-background-overlay\"><\/div>\n\t\t\t\t\t\t<div class=\"elementor-element elementor-element-e742a2c elementor-widget elementor-widget-text-editor\" data-id=\"e742a2c\" data-element_type=\"widget\" data-e-type=\"widget\" data-widget_type=\"text-editor.default\">\n\t\t\t\t<div class=\"elementor-widget-container\">\n\t\t\t\t\t\t\t\t\t<p>Akzeptierte Formate: PDF, JPG, JPEG, PNG<\/p>\t\t\t\t\t\t\t\t<\/div>\n\t\t\t\t<\/div>\n\t\t\t\t<div class=\"elementor-element elementor-element-5f601ba elementor-icon-list--layout-traditional elementor-list-item-link-full_width elementor-widget elementor-widget-icon-list\" data-id=\"5f601ba\" data-element_type=\"widget\" data-e-type=\"widget\" data-widget_type=\"icon-list.default\">\n\t\t\t\t<div class=\"elementor-widget-container\">\n\t\t\t\t\t\t\t<ul class=\"elementor-icon-list-items\">\n\t\t\t\t\t\t\t<li class=\"elementor-icon-list-item\">\n\t\t\t\t\t\t\t\t\t\t\t<span class=\"elementor-icon-list-icon\">\n\t\t\t\t\t\t\t<svg aria-hidden=\"true\" class=\"e-font-icon-svg e-fas-check-circle\" viewBox=\"0 0 512 512\" xmlns=\"http:\/\/www.w3.org\/2000\/svg\"><path d=\"M504 256c0 136.967-111.033 248-248 248S8 392.967 8 256 119.033 8 256 8s248 111.033 248 248zM227.314 387.314l184-184c6.248-6.248 6.248-16.379 0-22.627l-22.627-22.627c-6.248-6.249-16.379-6.249-22.628 0L216 308.118l-70.059-70.059c-6.248-6.248-16.379-6.248-22.628 0l-22.627 22.627c-6.248 6.248-6.248 16.379 0 22.627l104 104c6.249 6.249 16.379 6.249 22.628.001z\"><\/path><\/svg>\t\t\t\t\t\t<\/span>\n\t\t\t\t\t\t\t\t\t\t<span class=\"elementor-icon-list-text\">Ihre Daten werden verschl\u00fcsselt \u00fcbertragen und gem\u00e4\u00df DSGVO vertraulich behandelt.<\/span>\n\t\t\t\t\t\t\t\t\t<\/li>\n\t\t\t\t\t\t<\/ul>\n\t\t\t\t\t\t<\/div>\n\t\t\t\t<\/div>\n\t\t\t\t<div class=\"elementor-element elementor-element-6093345 elementor-widget elementor-widget-qi_addons_for_elementor_animated_text\" data-id=\"6093345\" data-element_type=\"widget\" data-e-type=\"widget\" data-widget_type=\"qi_addons_for_elementor_animated_text.default\">\n\t\t\t\t<div class=\"elementor-widget-container\">\n\t\t\t\t\t<div class=\"qodef-shortcode qodef-m qodef-qi-animated-text qodef--alignment-left\" >\n\t\t<h1 class=\"qodef-m-title\">\n\t\tLaden Sie hier Ihre \u00e4rztliche Verordnung bequem und sicher hoch, damit wir Ihren Termin bestm\u00f6glich vorbereiten k\u00f6nnen\t<\/h1>\n<\/div>\n\t\t\t\t<\/div>\n\t\t\t\t<\/div>\n\t\t\t\t<div class=\"elementor-element elementor-element-48df4c2 elementor-button-align-stretch elementor-widget elementor-widget-form\" data-id=\"48df4c2\" data-element_type=\"widget\" data-e-type=\"widget\" data-settings=\"{&quot;button_width&quot;:&quot;30&quot;,&quot;step_next_label&quot;:&quot;Next&quot;,&quot;step_previous_label&quot;:&quot;Previous&quot;,&quot;step_type&quot;:&quot;number_text&quot;,&quot;step_icon_shape&quot;:&quot;circle&quot;}\" data-widget_type=\"form.default\">\n\t\t\t\t<div class=\"elementor-widget-container\">\n\t\t\t\t\t\t\t<form class=\"elementor-form\" method=\"post\" name=\"New Form\">\n\t\t\t<input type=\"hidden\" name=\"post_id\" value=\"7007\"\/>\n\t\t\t<input type=\"hidden\" name=\"form_id\" value=\"48df4c2\"\/>\n\t\t\t<input type=\"hidden\" name=\"referer_title\" value=\"Laden Sie hier Ihre \u00e4rztliche - 1 - VivaMedica\" \/>\n\n\t\t\t\t\t\t\t<input type=\"hidden\" name=\"queried_id\" value=\"7007\"\/>\n\t\t\t\n\t\t\t<div class=\"elementor-form-fields-wrapper elementor-labels-above\">\n\t\t\t\t\t\t\t\t<div class=\"elementor-field-type-upload elementor-field-group elementor-column elementor-field-group-file elementor-col-100 elementor-field-required\">\n\t\t\t\t\t\t\t<input type=\"file\" name=\"form_fields[file]\" id=\"form-field-file\" class=\"elementor-field elementor-size-lg  elementor-upload-field\" required=\"required\" data-maxsize=\"8\" data-maxsize-message=\"Diese Datei \u00fcbersteigt die maximale Dateigr\u00f6\u00dfe.\">\n\n\t\t\t\t\t\t<\/div>\n\t\t\t\t\t\t\t\t<div class=\"elementor-field-type-acceptance elementor-field-group elementor-column elementor-field-group-field_f2fb83a elementor-col-100 elementor-field-required\">\n\t\t\t\t\t\t\t<div class=\"elementor-field-subgroup\">\n\t\t\t<span class=\"elementor-field-option\">\n\t\t\t\t<input type=\"checkbox\" name=\"form_fields[field_f2fb83a]\" id=\"form-field-field_f2fb83a\" class=\"elementor-field elementor-size-lg  elementor-acceptance-field\" required=\"required\">\n\t\t\t\t<label for=\"form-field-field_f2fb83a\">Ich bin damit einverstanden, dass meine \u00fcbermittelten Daten (einschlie\u00dflich Gesundheitsdaten) zum Zweck der Terminvobereitung durch VivaMedica Physiotherapie verarbeitet werden. Ich habe die <a href=\"https:\/\/vivamedica.de\/datenschutz\/\" target=\"_blank\" rel=\"noopener noreferrer\">Datenschutzerkl\u00e4rung<\/a> zur Kenntnis genommen.\n<\/label>\t\t\t<\/span>\n\t\t<\/div>\n\t\t\t\t\t\t<\/div>\n\t\t\t\t\t\t\t\t<div class=\"elementor-field-type-recaptcha_v3 elementor-field-group elementor-column elementor-field-group-field_d6b2790 elementor-col-100 recaptcha_v3-inline\">\n\t\t\t\t\t<div class=\"elementor-field\" id=\"form-field-field_d6b2790\"><div class=\"elementor-g-recaptcha\" data-sitekey=\"6LcCEBgqAAAAAH5uxJ_cDlNKelGk1rJsyCk-YlgQ\" data-type=\"v3\" data-action=\"Form\" data-badge=\"inline\" data-size=\"invisible\"><\/div><\/div>\t\t\t\t<\/div>\n\t\t\t\t\t\t\t\t<div class=\"elementor-field-group elementor-column elementor-field-type-submit elementor-col-30 e-form__buttons\">\n\t\t\t\t\t<button class=\"elementor-button elementor-size-lg\" type=\"submit\">\n\t\t\t\t\t\t<span class=\"elementor-button-content-wrapper\">\n\t\t\t\t\t\t\t\t\t\t\t\t\t\t\t\t\t\t\t\t\t\t<span class=\"elementor-button-text\">Senden<\/span>\n\t\t\t\t\t\t\t\t\t\t\t\t\t<\/span>\n\t\t\t\t\t<\/button>\n\t\t\t\t<\/div>\n\t\t\t<\/div>\n\t\t<\/form>\n\t\t\t\t\t\t<\/div>\n\t\t\t\t<\/div>\n\t\t\t\t<div class=\"elementor-element elementor-element-8099237 elementor-widget__width-initial elementor-widget-mobile__width-initial elementor-widget elementor-widget-qi_addons_for_elementor_button\" data-id=\"8099237\" data-element_type=\"widget\" data-e-type=\"widget\" data-widget_type=\"qi_addons_for_elementor_button.default\">\n\t\t\t\t<div class=\"elementor-widget-container\">\n\t\t\t\t\t<a class=\"qodef-shortcode qodef-m qodef-qi-button qodef-html--link qodef-layout--filled qodef-type--standard qodef-size--large qodef-hover--reveal qodef--reveal-horizontal qodef-icon--left qodef-hover--icon-move-vertical\" href=\"https:\/\/termine.opticaviva.de\/b\/hFfHr6URMXx0IGlX5pCvx5sN2JoqTnBK\" target=\"_blank\">\n\t<span class=\"qodef-m-text\">Weiter ohne Rezept-Upload<\/span>\n\t\t<span class=\"qodef-m-icon\">\n\t\t<span class=\"qodef-m-icon-inner\">\n\t\t\t<svg aria-hidden=\"true\" class=\"e-font-icon-svg e-far-check-circle\" viewBox=\"0 0 512 512\" xmlns=\"http:\/\/www.w3.org\/2000\/svg\"><path d=\"M256 8C119.033 8 8 119.033 8 256s111.033 248 248 248 248-111.033 248-248S392.967 8 256 8zm0 48c110.532 0 200 89.451 200 200 0 110.532-89.451 200-200 200-110.532 0-200-89.451-200-200 0-110.532 89.451-200 200-200m140.204 130.267l-22.536-22.718c-4.667-4.705-12.265-4.736-16.97-.068L215.346 303.697l-59.792-60.277c-4.667-4.705-12.265-4.736-16.97-.069l-22.719 22.536c-4.705 4.667-4.736 12.265-.068 16.971l90.781 91.516c4.667 4.705 12.265 4.736 16.97.068l172.589-171.204c4.704-4.668 4.734-12.266.067-16.971z\"><\/path><\/svg>\t\t\t\t\t\t\t<svg aria-hidden=\"true\" class=\"e-font-icon-svg e-far-check-circle\" viewBox=\"0 0 512 512\" xmlns=\"http:\/\/www.w3.org\/2000\/svg\"><path d=\"M256 8C119.033 8 8 119.033 8 256s111.033 248 248 248 248-111.033 248-248S392.967 8 256 8zm0 48c110.532 0 200 89.451 200 200 0 110.532-89.451 200-200 200-110.532 0-200-89.451-200-200 0-110.532 89.451-200 200-200m140.204 130.267l-22.536-22.718c-4.667-4.705-12.265-4.736-16.97-.068L215.346 303.697l-59.792-60.277c-4.667-4.705-12.265-4.736-16.97-.069l-22.719 22.536c-4.705 4.667-4.736 12.265-.068 16.971l90.781 91.516c4.667 4.705 12.265 4.736 16.97.068l172.589-171.204c4.704-4.668 4.734-12.266.067-16.971z\"><\/path><\/svg>\t\t\t\t\t<\/span>\n\t<\/span>\n<\/a>\n\t\t\t\t<\/div>\n\t\t\t\t<\/div>\n\t\t\t\t\t<\/div>\n\t\t<\/div>\n\t\t\t\t\t<\/div>\n\t\t<\/section>\n\t\t\t\t\t<\/div>\n\t\t<\/div>\n\t\t\t\t\t<\/div>\n\t\t<\/section>\n\t\t\t\t<\/div>\n\t\t","protected":false},"excerpt":{"rendered":"<p>Akzeptierte Formate: PDF, JPG, JPEG, PNG Ihre Daten werden verschl\u00fcsselt \u00fcbertragen und gem\u00e4\u00df DSGVO vertraulich behandelt. Laden Sie hier Ihre \u00e4rztliche Verordnung bequem und sicher hoch, damit wir Ihren Termin bestm\u00f6glich vorbereiten k\u00f6nnen Weiter ohne Rezept-Upload<\/p>\n","protected":false},"author":3,"featured_media":2135,"parent":0,"menu_order":0,"comment_status":"closed","ping_status":"closed","template":"","meta":{"inline_featured_image":false,"footnotes":""},"class_list":["post-7007","page","type-page","status-publish","has-post-thumbnail","hentry"],"yoast_head":"<!-- This site is optimized with the Yoast SEO plugin v27.2 - https:\/\/yoast.com\/product\/yoast-seo-wordpress\/ -->\n<title>Laden Sie hier Ihre \u00e4rztliche - 1 - VivaMedica<\/title>\n<meta name=\"description\" content=\"Taping in Limburg \u2013 Professionelle Taping-Therapien bei Viva Medica f\u00fcr Heilung, Schmerzlinderung und bessere Beweglichkeit.\" \/>\n<meta name=\"robots\" content=\"index, follow, max-snippet:-1, max-image-preview:large, max-video-preview:-1\" \/>\n<link rel=\"canonical\" href=\"https:\/\/vivamedica.de\/startseite\/laden-sie-hier-ihre-aerztliche-1\/\" \/>\n<meta property=\"og:locale\" content=\"de_DE\" \/>\n<meta property=\"og:type\" content=\"article\" \/>\n<meta property=\"og:title\" content=\"Laden Sie hier Ihre \u00e4rztliche - 1 - VivaMedica\" \/>\n<meta property=\"og:description\" content=\"Taping in Limburg \u2013 Professionelle Taping-Therapien bei Viva Medica f\u00fcr Heilung, Schmerzlinderung und bessere Beweglichkeit.\" \/>\n<meta property=\"og:url\" content=\"https:\/\/vivamedica.de\/startseite\/laden-sie-hier-ihre-aerztliche-1\/\" \/>\n<meta property=\"og:site_name\" content=\"VivaMedica\" \/>\n<meta property=\"article:modified_time\" content=\"2026-01-08T14:47:08+00:00\" \/>\n<meta property=\"og:image\" content=\"https:\/\/vivamedica.de\/wp-content\/uploads\/2024\/08\/Badge.webp\" \/>\n\t<meta property=\"og:image:width\" content=\"1200\" \/>\n\t<meta property=\"og:image:height\" content=\"630\" \/>\n\t<meta property=\"og:image:type\" content=\"image\/webp\" \/>\n<meta name=\"twitter:card\" content=\"summary_large_image\" \/>\n<meta name=\"twitter:label1\" content=\"Gesch\u00e4tzte Lesezeit\" \/>\n\t<meta name=\"twitter:data1\" content=\"1\u00a0Minute\" \/>\n<script type=\"application\/ld+json\" class=\"yoast-schema-graph\">{\"@context\":\"https:\/\/schema.org\",\"@graph\":[{\"@type\":\"WebPage\",\"@id\":\"https:\/\/vivamedica.de\/startseite\/laden-sie-hier-ihre-aerztliche-1\/\",\"url\":\"https:\/\/vivamedica.de\/startseite\/laden-sie-hier-ihre-aerztliche-1\/\",\"name\":\"Laden Sie hier Ihre \u00e4rztliche - 1 - VivaMedica\",\"isPartOf\":{\"@id\":\"https:\/\/vivamedica.de\/startseite\/#website\"},\"primaryImageOfPage\":{\"@id\":\"https:\/\/vivamedica.de\/startseite\/laden-sie-hier-ihre-aerztliche-1\/#primaryimage\"},\"image\":{\"@id\":\"https:\/\/vivamedica.de\/startseite\/laden-sie-hier-ihre-aerztliche-1\/#primaryimage\"},\"thumbnailUrl\":\"https:\/\/vivamedica.de\/wp-content\/uploads\/2024\/08\/Badge.webp\",\"datePublished\":\"2026-01-08T14:40:17+00:00\",\"dateModified\":\"2026-01-08T14:47:08+00:00\",\"description\":\"Taping in Limburg \u2013 Professionelle Taping-Therapien bei Viva Medica f\u00fcr Heilung, Schmerzlinderung und bessere Beweglichkeit.\",\"breadcrumb\":{\"@id\":\"https:\/\/vivamedica.de\/startseite\/laden-sie-hier-ihre-aerztliche-1\/#breadcrumb\"},\"inLanguage\":\"de\",\"potentialAction\":[{\"@type\":\"ReadAction\",\"target\":[\"https:\/\/vivamedica.de\/startseite\/laden-sie-hier-ihre-aerztliche-1\/\"]}]},{\"@type\":\"ImageObject\",\"inLanguage\":\"de\",\"@id\":\"https:\/\/vivamedica.de\/startseite\/laden-sie-hier-ihre-aerztliche-1\/#primaryimage\",\"url\":\"https:\/\/vivamedica.de\/wp-content\/uploads\/2024\/08\/Badge.webp\",\"contentUrl\":\"https:\/\/vivamedica.de\/wp-content\/uploads\/2024\/08\/Badge.webp\",\"width\":1200,\"height\":630,\"caption\":\"VivaMedica \u2013 Ihre Experten f\u00fcr Physiotherapie und Pr\u00e4vention. Professionelle Betreuung f\u00fcr Gesundheit und Wohlbefinden\"},{\"@type\":\"BreadcrumbList\",\"@id\":\"https:\/\/vivamedica.de\/startseite\/laden-sie-hier-ihre-aerztliche-1\/#breadcrumb\",\"itemListElement\":[{\"@type\":\"ListItem\",\"position\":1,\"name\":\"Startseite\",\"item\":\"https:\/\/vivamedica.de\/startseite\/\"},{\"@type\":\"ListItem\",\"position\":2,\"name\":\"Laden Sie hier Ihre \u00e4rztliche &#8211; 1\"}]},{\"@type\":\"WebSite\",\"@id\":\"https:\/\/vivamedica.de\/startseite\/#website\",\"url\":\"https:\/\/vivamedica.de\/startseite\/\",\"name\":\"VivaMedica\",\"description\":\"\",\"publisher\":{\"@id\":\"https:\/\/vivamedica.de\/startseite\/#organization\"},\"potentialAction\":[{\"@type\":\"SearchAction\",\"target\":{\"@type\":\"EntryPoint\",\"urlTemplate\":\"https:\/\/vivamedica.de\/startseite\/?s={search_term_string}\"},\"query-input\":{\"@type\":\"PropertyValueSpecification\",\"valueRequired\":true,\"valueName\":\"search_term_string\"}}],\"inLanguage\":\"de\"},{\"@type\":\"Organization\",\"@id\":\"https:\/\/vivamedica.de\/startseite\/#organization\",\"name\":\"VivaMedica\",\"url\":\"https:\/\/vivamedica.de\/startseite\/\",\"logo\":{\"@type\":\"ImageObject\",\"inLanguage\":\"de\",\"@id\":\"https:\/\/vivamedica.de\/startseite\/#\/schema\/logo\/image\/\",\"url\":\"https:\/\/vivamedica.de\/wp-content\/uploads\/2024\/07\/VivaMedica_logo_2.svg\",\"contentUrl\":\"https:\/\/vivamedica.de\/wp-content\/uploads\/2024\/07\/VivaMedica_logo_2.svg\",\"width\":612,\"height\":128,\"caption\":\"VivaMedica\"},\"image\":{\"@id\":\"https:\/\/vivamedica.de\/startseite\/#\/schema\/logo\/image\/\"},\"sameAs\":[\"https:\/\/www.instagram.com\/vivamedica.therapie?igsh=aGN0ZTJkZjI4NXB3\",\"https:\/\/www.linkedin.com\/in\/vivamedica-physiotherapie-81b41b321\/\"]}]}<\/script>\n<!-- \/ Yoast SEO plugin. -->","yoast_head_json":{"title":"Laden Sie hier Ihre \u00e4rztliche - 1 - VivaMedica","description":"Taping in Limburg \u2013 Professionelle Taping-Therapien bei Viva Medica f\u00fcr Heilung, Schmerzlinderung und bessere Beweglichkeit.","robots":{"index":"index","follow":"follow","max-snippet":"max-snippet:-1","max-image-preview":"max-image-preview:large","max-video-preview":"max-video-preview:-1"},"canonical":"https:\/\/vivamedica.de\/startseite\/laden-sie-hier-ihre-aerztliche-1\/","og_locale":"de_DE","og_type":"article","og_title":"Laden Sie hier Ihre \u00e4rztliche - 1 - VivaMedica","og_description":"Taping in Limburg \u2013 Professionelle Taping-Therapien bei Viva Medica f\u00fcr Heilung, Schmerzlinderung und bessere Beweglichkeit.","og_url":"https:\/\/vivamedica.de\/startseite\/laden-sie-hier-ihre-aerztliche-1\/","og_site_name":"VivaMedica","article_modified_time":"2026-01-08T14:47:08+00:00","og_image":[{"width":1200,"height":630,"url":"https:\/\/vivamedica.de\/wp-content\/uploads\/2024\/08\/Badge.webp","type":"image\/webp"}],"twitter_card":"summary_large_image","twitter_misc":{"Gesch\u00e4tzte Lesezeit":"1\u00a0Minute"},"schema":{"@context":"https:\/\/schema.org","@graph":[{"@type":"WebPage","@id":"https:\/\/vivamedica.de\/startseite\/laden-sie-hier-ihre-aerztliche-1\/","url":"https:\/\/vivamedica.de\/startseite\/laden-sie-hier-ihre-aerztliche-1\/","name":"Laden Sie hier Ihre \u00e4rztliche - 1 - VivaMedica","isPartOf":{"@id":"https:\/\/vivamedica.de\/startseite\/#website"},"primaryImageOfPage":{"@id":"https:\/\/vivamedica.de\/startseite\/laden-sie-hier-ihre-aerztliche-1\/#primaryimage"},"image":{"@id":"https:\/\/vivamedica.de\/startseite\/laden-sie-hier-ihre-aerztliche-1\/#primaryimage"},"thumbnailUrl":"https:\/\/vivamedica.de\/wp-content\/uploads\/2024\/08\/Badge.webp","datePublished":"2026-01-08T14:40:17+00:00","dateModified":"2026-01-08T14:47:08+00:00","description":"Taping in Limburg \u2013 Professionelle Taping-Therapien bei Viva Medica f\u00fcr Heilung, Schmerzlinderung und bessere Beweglichkeit.","breadcrumb":{"@id":"https:\/\/vivamedica.de\/startseite\/laden-sie-hier-ihre-aerztliche-1\/#breadcrumb"},"inLanguage":"de","potentialAction":[{"@type":"ReadAction","target":["https:\/\/vivamedica.de\/startseite\/laden-sie-hier-ihre-aerztliche-1\/"]}]},{"@type":"ImageObject","inLanguage":"de","@id":"https:\/\/vivamedica.de\/startseite\/laden-sie-hier-ihre-aerztliche-1\/#primaryimage","url":"https:\/\/vivamedica.de\/wp-content\/uploads\/2024\/08\/Badge.webp","contentUrl":"https:\/\/vivamedica.de\/wp-content\/uploads\/2024\/08\/Badge.webp","width":1200,"height":630,"caption":"VivaMedica \u2013 Ihre Experten f\u00fcr Physiotherapie und Pr\u00e4vention. Professionelle Betreuung f\u00fcr Gesundheit und Wohlbefinden"},{"@type":"BreadcrumbList","@id":"https:\/\/vivamedica.de\/startseite\/laden-sie-hier-ihre-aerztliche-1\/#breadcrumb","itemListElement":[{"@type":"ListItem","position":1,"name":"Startseite","item":"https:\/\/vivamedica.de\/startseite\/"},{"@type":"ListItem","position":2,"name":"Laden Sie hier Ihre \u00e4rztliche &#8211; 1"}]},{"@type":"WebSite","@id":"https:\/\/vivamedica.de\/startseite\/#website","url":"https:\/\/vivamedica.de\/startseite\/","name":"VivaMedica","description":"","publisher":{"@id":"https:\/\/vivamedica.de\/startseite\/#organization"},"potentialAction":[{"@type":"SearchAction","target":{"@type":"EntryPoint","urlTemplate":"https:\/\/vivamedica.de\/startseite\/?s={search_term_string}"},"query-input":{"@type":"PropertyValueSpecification","valueRequired":true,"valueName":"search_term_string"}}],"inLanguage":"de"},{"@type":"Organization","@id":"https:\/\/vivamedica.de\/startseite\/#organization","name":"VivaMedica","url":"https:\/\/vivamedica.de\/startseite\/","logo":{"@type":"ImageObject","inLanguage":"de","@id":"https:\/\/vivamedica.de\/startseite\/#\/schema\/logo\/image\/","url":"https:\/\/vivamedica.de\/wp-content\/uploads\/2024\/07\/VivaMedica_logo_2.svg","contentUrl":"https:\/\/vivamedica.de\/wp-content\/uploads\/2024\/07\/VivaMedica_logo_2.svg","width":612,"height":128,"caption":"VivaMedica"},"image":{"@id":"https:\/\/vivamedica.de\/startseite\/#\/schema\/logo\/image\/"},"sameAs":["https:\/\/www.instagram.com\/vivamedica.therapie?igsh=aGN0ZTJkZjI4NXB3","https:\/\/www.linkedin.com\/in\/vivamedica-physiotherapie-81b41b321\/"]}]}},"_links":{"self":[{"href":"https:\/\/vivamedica.de\/startseite\/wp-json\/wp\/v2\/pages\/7007","targetHints":{"allow":["GET"]}}],"collection":[{"href":"https:\/\/vivamedica.de\/startseite\/wp-json\/wp\/v2\/pages"}],"about":[{"href":"https:\/\/vivamedica.de\/startseite\/wp-json\/wp\/v2\/types\/page"}],"author":[{"embeddable":true,"href":"https:\/\/vivamedica.de\/startseite\/wp-json\/wp\/v2\/users\/3"}],"replies":[{"embeddable":true,"href":"https:\/\/vivamedica.de\/startseite\/wp-json\/wp\/v2\/comments?post=7007"}],"version-history":[{"count":0,"href":"https:\/\/vivamedica.de\/startseite\/wp-json\/wp\/v2\/pages\/7007\/revisions"}],"wp:featuredmedia":[{"embeddable":true,"href":"https:\/\/vivamedica.de\/startseite\/wp-json\/wp\/v2\/media\/2135"}],"wp:attachment":[{"href":"https:\/\/vivamedica.de\/startseite\/wp-json\/wp\/v2\/media?parent=7007"}],"curies":[{"name":"wp","href":"https:\/\/api.w.org\/{rel}","templated":true}]}}